{"id":127,"date":"2025-03-14T18:35:29","date_gmt":"2025-03-14T17:35:29","guid":{"rendered":"https:\/\/www.ageofcoaching.com\/?page_id=127"},"modified":"2025-03-17T20:39:07","modified_gmt":"2025-03-17T19:39:07","slug":"basic-coaching","status":"publish","type":"page","link":"https:\/\/www.ageofcoaching.com\/index.php\/basic-coaching\/","title":{"rendered":"Basic Coaching"},"content":{"rendered":"\n<p class=\"has-text-align-center\"><\/p>\n\n\n\n<p class=\"has-text-align-left\">Das Basis Coaching ist f\u00fcr dich der beste Einstieg, um besser in AoS zu werden und gleichzeitig um zu schauen, ob das Coaching f\u00fcr dich das richtige ist. <\/p>\n\n\n\n<p class=\"has-text-align-left\">Wir schauen uns gemeinsam deinen Ist-Zustand an und analysieren deine aktuelle Situation.<\/p>\n\n\n\n<p class=\"has-text-align-left\">Das Ziel dieses Coaching ist, dass du mit einer starken Liste, deiner gew\u00e4hlten Armee, aus dem Coaching gehst, eine soliden Gameplan an der Hand hast und grunds\u00e4tzlich wei\u00dft, wie du deine Aufstellung und deinen Turn 1 spielen solltest.<\/p>\n\n\n\n<p class=\"has-text-align-left\">Dar\u00fcber hinaus erf\u00e4hrst du nach dem Coaching, wie die reise f\u00fcr dich weiter gehen kann und du bekommst einen fundierten Eindruck davon, wie eine Zusammenarbeit aussehen kann.<\/p>\n\n\n\n<p class=\"has-text-align-left\">Solltest du Fragen haben, kannst du mir gerne schreiben.<\/p>\n\n\n\n<p class=\"has-text-align-left\">Ich freue mich schon auf deine Bewerbung <\/p>\n\n\n\n<figure class=\"wp-block-image aligncenter size-large\"><img fetchpriority=\"high\" decoding=\"async\" width=\"1024\" height=\"683\" src=\"https:\/\/www.ageofcoaching.com\/wp-content\/uploads\/2025\/03\/RaccoonRumble_1229-1024x683.jpg\" alt=\"\" class=\"wp-image-162\" srcset=\"https:\/\/www.ageofcoaching.com\/wp-content\/uploads\/2025\/03\/RaccoonRumble_1229-1024x683.jpg 1024w, https:\/\/www.ageofcoaching.com\/wp-content\/uploads\/2025\/03\/RaccoonRumble_1229-300x200.jpg 300w, https:\/\/www.ageofcoaching.com\/wp-content\/uploads\/2025\/03\/RaccoonRumble_1229-768x512.jpg 768w, https:\/\/www.ageofcoaching.com\/wp-content\/uploads\/2025\/03\/RaccoonRumble_1229-1536x1024.jpg 1536w, https:\/\/www.ageofcoaching.com\/wp-content\/uploads\/2025\/03\/RaccoonRumble_1229-2048x1365.jpg 2048w, https:\/\/www.ageofcoaching.com\/wp-content\/uploads\/2025\/03\/RaccoonRumble_1229-200x133.jpg 200w\" sizes=\"(max-width: 1024px) 100vw, 1024px\" \/><\/figure>\n\n\n\n<div class=\"wp-block-bookly-form\"><!--\nPlugin Name: Bookly - Responsive WordPress Appointment Booking and Scheduling Plugin\nPlugin URI: https:\/\/www.booking-wp-plugin.com\/?utm_source=bookly_admin&utm_medium=plugins_page&utm_campaign=plugins_page\nVersion: 27.5-->\n<style type=\"text\/css\">\n    :root {\n        --bookly-main-color: #dd9933 !important;\n        --bookly-color: #dd9933 !important;\n    }\n\n        .bookly-form {\n    color: #dd9933 !important;\n}    <\/style><div class=\"bookly-css-root\">\n    <div id=\"bookly-form-container-69f86471e3bbf\" class=\"bookly-form\" data-form_id=\"\" aria-live=\"polite\">\n        <div style=\"text-align: center\"><img decoding=\"async\" src=\"https:\/\/www.ageofcoaching.com\/wp-includes\/js\/tinymce\/skins\/lightgray\/img\/loader.gif\" alt=\"Wird geladen ...\"\/><\/div>\n    <\/div>\n<\/div>\n<script type=\"text\/javascript\">\n    (function (win, fn) {\n        var done = false, top = true,\n            doc = win.document,\n            root = doc.documentElement,\n            modern = doc.addEventListener,\n            add = modern ? 'addEventListener' : 'attachEvent',\n            rem = modern ? 'removeEventListener' : 'detachEvent',\n            pre = modern ? '' : 'on',\n            init = function (e) {\n                if (e.type == 'readystatechange') if (doc.readyState != 'complete') return;\n                (e.type == 'load' ? win : doc)[rem](pre + e.type, init, false);\n                if (!done) {\n                    done = true;\n                    fn.call(win, e.type || e);\n                }\n            },\n            poll = function () {\n                try {\n                    root.doScroll('left');\n                } catch (e) {\n                    setTimeout(poll, 50);\n                    return;\n                }\n                init('poll');\n            };\n        if (doc.readyState == 'complete') fn.call(win, 'lazy');\n        else {\n            if (!modern) if (root.doScroll) {\n                try {\n                    top = !win.frameElement;\n                } catch (e) {\n                }\n                if (top) poll();\n            }\n            doc[add](pre + 'DOMContentLoaded', init, false);\n            doc[add](pre + 'readystatechange', init, false);\n            win[add](pre + 'load', init, false);\n        }\n    })(window, function () {\n        window.bookly( {\"form_id\":\"69f86471e3bbf\",\"form_data\":{\"skip_service_step\":0,\"hide_service_part1\":0,\"hide_service_part2\":0,\"defaults\":{\"service_id\":0,\"staff_id\":0,\"location_id\":0,\"category_id\":0,\"units\":0,\"date_from\":0,\"time_from\":0,\"time_to\":0}},\"status\":{\"booking\":\"new\"},\"form_token\":null,\"skip_steps\":{\"service_part1\":0,\"service_part2\":0,\"extras\":1,\"time\":0,\"repeat\":1,\"cart\":1},\"errors\":{\"session_error\":\"Session-Fehler.\",\"form_id_error\":\"Formular-ID Fehler.\",\"cart_item_not_available\":\"Die eingestellte Zeit ist nicht mehr vorhanden. Bitte w\\u00e4hlen Sie ein anderes Zeitfenster\\n.\",\"pay_locally_not_available\":\"Vor Ort zahlen ist nicht verf\\u00fcgbar.\",\"invalid_gateway\":\"Ung\\u00fcltiger Zugang.\",\"payment_error\":\"Fehler.\",\"incorrect_username_password\":\"Der Benutzername oder das Passwort ist falsch.\"},\"form_attributes\":{\"hide_categories\":false,\"hide_services\":false,\"hide_staff_members\":false,\"show_number_of_persons\":false,\"hide_service_duration\":true,\"hide_locations\":true,\"hide_quantity\":true,\"hide_date\":false,\"hide_week_days\":false,\"hide_time_range\":false},\"use_client_time_zone\":0,\"defaults\":{\"service_id\":0,\"staff_id\":0,\"location_id\":0,\"category_id\":0},\"datepicker_mode\":\"text-accent\",\"facebook\":{\"enabled\":1,\"appId\":\"\"}} );\n    });\n<\/script><\/div>\n\n\n\n<p><\/p>\n","protected":false},"excerpt":{"rendered":"<p>Das Basis Coaching ist f\u00fcr dich der beste Einstieg, um besser in AoS zu werden und gleichzeitig um zu schauen, ob das Coaching f\u00fcr dich das richtige ist. Wir schauen uns gemeinsam deinen Ist-Zustand an und analysieren deine aktuelle Situation. Das Ziel dieses Coaching ist, dass du mit einer starken Liste, deiner gew\u00e4hlten Armee, aus [&hellip;]<\/p>\n","protected":false},"author":1,"featured_media":0,"parent":0,"menu_order":0,"comment_status":"closed","ping_status":"closed","template":"","meta":{"footnotes":""},"class_list":["post-127","page","type-page","status-publish","hentry"],"_links":{"self":[{"href":"https:\/\/www.ageofcoaching.com\/index.php\/wp-json\/wp\/v2\/pages\/127","targetHints":{"allow":["GET"]}}],"collection":[{"href":"https:\/\/www.ageofcoaching.com\/index.php\/wp-json\/wp\/v2\/pages"}],"about":[{"href":"https:\/\/www.ageofcoaching.com\/index.php\/wp-json\/wp\/v2\/types\/page"}],"author":[{"embeddable":true,"href":"https:\/\/www.ageofcoaching.com\/index.php\/wp-json\/wp\/v2\/users\/1"}],"replies":[{"embeddable":true,"href":"https:\/\/www.ageofcoaching.com\/index.php\/wp-json\/wp\/v2\/comments?post=127"}],"version-history":[{"count":11,"href":"https:\/\/www.ageofcoaching.com\/index.php\/wp-json\/wp\/v2\/pages\/127\/revisions"}],"predecessor-version":[{"id":177,"href":"https:\/\/www.ageofcoaching.com\/index.php\/wp-json\/wp\/v2\/pages\/127\/revisions\/177"}],"wp:attachment":[{"href":"https:\/\/www.ageofcoaching.com\/index.php\/wp-json\/wp\/v2\/media?parent=127"}],"curies":[{"name":"wp","href":"https:\/\/api.w.org\/{rel}","templated":true}]}}